{"id":1967,"date":"2020-05-20T13:57:27","date_gmt":"2020-05-20T05:57:27","guid":{"rendered":"https:\/\/en.kn-nanjing.com\/?post_type=product&#038;p=1967"},"modified":"2020-05-20T13:57:27","modified_gmt":"2020-05-20T05:57:27","slug":"high-speed-train-vehicle-door-maintenance-references","status":"publish","type":"product","link":"https:\/\/en.kn-nanjing.com\/de\/maintenance-services\/high-speed-train-vehicle-door-maintenance-references\/","title":{"rendered":"Hochgeschwindigkeitszug Fahrzeugt\u00fcren Wartung Referenzen"},"content":{"rendered":"<p><img loading=\"lazy\" decoding=\"async\" class=\"size-full wp-image-1969\" title=\"Hochgeschwindigkeitszug Fahrzeugt\u00fcren Wartung Referenzen.jpg 1080927031\" src=\"https:\/\/en.kn-nanjing.com\/wp-content\/uploads\/2020\/05\/high-speed-train-vehicle-door-maintenance-references.jpg-1080927031.jpg\" alt=\"high speed train vehicle door maintenance references.jpg 1080927031\" width=\"1314\" height=\"492\" \/><\/p>","protected":false},"excerpt":{"rendered":"<div class=\"ap-sec de-desc  revealOnScroll\" data-animation=\"\" data-timeout=\"\">\n<div class=\"de-desc-text one-six\">\n<div>\n<p>Mit der Entwicklung der Schienenverkehrsindustrie sind die bisherigen Schienenfahrzeuge in die \u00dcberholungsphase eingetreten, und der Wartungsmarkt hat sich erweitert. Vor diesem Hintergrund wurde Anfang 2015 offiziell die Abteilung Kangni Maintenance Business Dept. gegr\u00fcndet. Derzeit sind \u00fcber 100 Mitarbeiter in der Abteilung Instandhaltung t\u00e4tig.<\/p>\n<\/div>\n<\/div>\n<\/div>","protected":false},"featured_media":1968,"comment_status":"closed","ping_status":"closed","template":"","meta":[],"yst_prominent_words":[],"class_list":["post-1967","product","type-product","status-publish","has-post-thumbnail","hentry","product_cat-maintenance-services","align-left","box-shadow-0","box-shadow-0-hover","ast-product-gallery-layout-horizontal","ast-product-gallery-with-no-image","ast-product-tabs-layout-horizontal"],"_links":{"self":[{"href":"https:\/\/en.kn-nanjing.com\/de\/wp-json\/wp\/v2\/product\/1967","targetHints":{"allow":["GET"]}}],"collection":[{"href":"https:\/\/en.kn-nanjing.com\/de\/wp-json\/wp\/v2\/product"}],"about":[{"href":"https:\/\/en.kn-nanjing.com\/de\/wp-json\/wp\/v2\/types\/product"}],"replies":[{"embeddable":true,"href":"https:\/\/en.kn-nanjing.com\/de\/wp-json\/wp\/v2\/comments?post=1967"}],"version-history":[{"count":1,"href":"https:\/\/en.kn-nanjing.com\/de\/wp-json\/wp\/v2\/product\/1967\/revisions"}],"predecessor-version":[{"id":1970,"href":"https:\/\/en.kn-nanjing.com\/de\/wp-json\/wp\/v2\/product\/1967\/revisions\/1970"}],"wp:featuredmedia":[{"embeddable":true,"href":"https:\/\/en.kn-nanjing.com\/de\/wp-json\/wp\/v2\/media\/1968"}],"wp:attachment":[{"href":"https:\/\/en.kn-nanjing.com\/de\/wp-json\/wp\/v2\/media?parent=1967"}],"wp:term":[{"taxonomy":"yst_prominent_words","embeddable":true,"href":"https:\/\/en.kn-nanjing.com\/de\/wp-json\/wp\/v2\/yst_prominent_words?post=1967"}],"curies":[{"name":"wp","href":"https:\/\/api.w.org\/{rel}","templated":true}]}}