{"id":1971,"date":"2020-05-20T13:59:06","date_gmt":"2020-05-20T05:59:06","guid":{"rendered":"https:\/\/en.kn-nanjing.com\/?post_type=product&#038;p=1971"},"modified":"2020-05-20T13:59:07","modified_gmt":"2020-05-20T05:59:07","slug":"mass-transit-vehicle-door-maintenance-references","status":"publish","type":"product","link":"https:\/\/en.kn-nanjing.com\/de\/maintenance-services\/mass-transit-vehicle-door-maintenance-references\/","title":{"rendered":"Wartung von Massentransit-Fahrzeugt\u00fcren Referenzen"},"content":{"rendered":"<p><img loading=\"lazy\" decoding=\"async\" class=\"size-full wp-image-1973\" title=\"Referenzen f\u00fcr die Wartung der T\u00fcren von Nahverkehrsfahrzeugen .jpg 1080927031\" src=\"https:\/\/en.kn-nanjing.com\/wp-content\/uploads\/2020\/05\/mass-transit-vehicle-door-maintenance-references-.jpg-1080927031.jpg\" alt=\"mass transit vehicle door maintenance references .jpg 1080927031\" width=\"1314\" height=\"492\" \/><\/p>","protected":false},"excerpt":{"rendered":"<p>Mit der Entwicklung der Schienenverkehrsindustrie sind die bisherigen Schienenfahrzeuge in die \u00dcberholungsphase eingetreten, und der Wartungsmarkt hat sich erweitert. Vor diesem Hintergrund wurde Anfang 2015 offiziell die Abteilung Kangni Maintenance Business Dept. gegr\u00fcndet. Derzeit sind \u00fcber 100 Mitarbeiter in der Abteilung Instandhaltung t\u00e4tig.<\/p>","protected":false},"featured_media":1972,"comment_status":"closed","ping_status":"closed","template":"","meta":[],"yst_prominent_words":[],"class_list":["post-1971","product","type-product","status-publish","has-post-thumbnail","hentry","product_cat-maintenance-services","align-left","box-shadow-0","box-shadow-0-hover","ast-product-gallery-layout-horizontal","ast-product-gallery-with-no-image","ast-product-tabs-layout-horizontal"],"_links":{"self":[{"href":"https:\/\/en.kn-nanjing.com\/de\/wp-json\/wp\/v2\/product\/1971","targetHints":{"allow":["GET"]}}],"collection":[{"href":"https:\/\/en.kn-nanjing.com\/de\/wp-json\/wp\/v2\/product"}],"about":[{"href":"https:\/\/en.kn-nanjing.com\/de\/wp-json\/wp\/v2\/types\/product"}],"replies":[{"embeddable":true,"href":"https:\/\/en.kn-nanjing.com\/de\/wp-json\/wp\/v2\/comments?post=1971"}],"version-history":[{"count":1,"href":"https:\/\/en.kn-nanjing.com\/de\/wp-json\/wp\/v2\/product\/1971\/revisions"}],"predecessor-version":[{"id":1974,"href":"https:\/\/en.kn-nanjing.com\/de\/wp-json\/wp\/v2\/product\/1971\/revisions\/1974"}],"wp:featuredmedia":[{"embeddable":true,"href":"https:\/\/en.kn-nanjing.com\/de\/wp-json\/wp\/v2\/media\/1972"}],"wp:attachment":[{"href":"https:\/\/en.kn-nanjing.com\/de\/wp-json\/wp\/v2\/media?parent=1971"}],"wp:term":[{"taxonomy":"yst_prominent_words","embeddable":true,"href":"https:\/\/en.kn-nanjing.com\/de\/wp-json\/wp\/v2\/yst_prominent_words?post=1971"}],"curies":[{"name":"wp","href":"https:\/\/api.w.org\/{rel}","templated":true}]}}