{"id":1719,"date":"2020-05-19T11:35:51","date_gmt":"2020-05-19T03:35:51","guid":{"rendered":"https:\/\/en.kn-nanjing.com\/?page_id=1719"},"modified":"2024-05-22T14:28:04","modified_gmt":"2024-05-22T06:28:04","slug":"international-projects","status":"publish","type":"page","link":"https:\/\/en.kn-nanjing.com\/es\/international-projects\/","title":{"rendered":"Proyectos internacionales"},"content":{"rendered":"<div data-elementor-type=\"post\" data-elementor-id=\"1719\" class=\"elementor elementor-1719\" data-elementor-settings=\"[]\">\n\t\t\t<div class=\"elementor-inner\">\n\t\t\t\t<div class=\"elementor-section-wrap\">\n\t\t\t\t\t\t\t<section class=\"elementor-element elementor-element-7d6d236c elementor-section-height-min-height elementor-section-full_width elementor-section-height-default elementor-section-items-middle elementor-section elementor-top-section\" data-id=\"7d6d236c\" data-element_type=\"section\" data-settings=\"{&quot;background_background&quot;:&quot;classic&quot;}\">\n\t\t\t\t\t\t<div class=\"elementor-container elementor-column-gap-default\">\n\t\t\t\t<div class=\"elementor-row\">\n\t\t\t\t<div class=\"elementor-element elementor-element-7cfb176a elementor-column elementor-col-100 elementor-top-column\" data-id=\"7cfb176a\" data-element_type=\"column\">\n\t\t\t<div class=\"elementor-column-wrap  elementor-element-populated\">\n\t\t\t\t\t<div class=\"elementor-widget-wrap\">\n\t\t\t\t<div class=\"elementor-element elementor-element-94a557b elementor-widget elementor-widget-divider\" data-id=\"94a557b\" data-element_type=\"widget\" data-widget_type=\"divider.default\">\n\t\t\t\t<div class=\"elementor-widget-container\">\n\t\t\t\t\t<div class=\"elementor-divider\">\n\t\t\t<span class=\"elementor-divider-separator\"><\/span>\n\t\t<\/div>\n\t\t\t\t<\/div>\n\t\t\t\t<\/div>\n\t\t\t\t<div class=\"elementor-element elementor-element-25d1bfb7 elementor-align-center elementor-widget elementor-widget-breadcrumbs\" data-id=\"25d1bfb7\" data-element_type=\"widget\" data-widget_type=\"breadcrumbs.default\">\n\t\t\t\t<div class=\"elementor-widget-container\">\n\t\t\t<p id=\"breadcrumbs\"><span><span class=\"breadcrumb_last\" aria-current=\"page\">Inicio<\/span><\/span><\/p>\t\t<\/div>\n\t\t\t\t<\/div>\n\t\t\t\t\t\t<\/div>\n\t\t\t<\/div>\n\t\t<\/div>\n\t\t\t\t\t\t<\/div>\n\t\t\t<\/div>\n\t\t<\/section>\n\t\t\t\t<section class=\"elementor-element elementor-element-79b7ee6 elementor-section-boxed elementor-section-height-default elementor-section-height-default elementor-section elementor-top-section\" data-id=\"79b7ee6\" data-element_type=\"section\">\n\t\t\t\t\t\t<div class=\"elementor-container elementor-column-gap-default\">\n\t\t\t\t<div class=\"elementor-row\">\n\t\t\t\t<div class=\"elementor-element elementor-element-cbe33c2 elementor-column elementor-col-100 elementor-top-column\" data-id=\"cbe33c2\" data-element_type=\"column\">\n\t\t\t<div class=\"elementor-column-wrap  elementor-element-populated\">\n\t\t\t\t\t<div class=\"elementor-widget-wrap\">\n\t\t\t\t<div class=\"elementor-element elementor-element-9095a4c elementor-widget elementor-widget-heading\" data-id=\"9095a4c\" data-element_type=\"widget\" data-widget_type=\"heading.default\">\n\t\t\t\t<div class=\"elementor-widget-container\">\n\t\t\t<p class=\"elementor-heading-title elementor-size-default\">PROYECTOS INTERNACIONALES<\/p>\t\t<\/div>\n\t\t\t\t<\/div>\n\t\t\t\t<div class=\"elementor-element elementor-element-d83c988 elementor-widget elementor-widget-text-editor\" data-id=\"d83c988\" data-element_type=\"widget\" data-widget_type=\"text-editor.default\">\n\t\t\t\t<div class=\"elementor-widget-container\">\n\t\t\t\t\t<div class=\"elementor-text-editor elementor-clearfix\"><p class=\"p1\">El sistema de puertas autom\u00e1ticas para el transporte p\u00fablico de alta calidad desarrollado independientemente por Kangni entra con \u00e9xito en el mercado internacional de gama alta tras competir con productos de alta calidad de todo el mundo. La marca \"China Kangni\" ha dejado su impronta en veh\u00edculos ferroviarios de ciudades como Par\u00eds, Nueva York, San Francisco, Vancouver, Toronto, etc. Kangni se ha situado con \u00e9xito entre los fabricantes de equipos ferroviarios m\u00e1s conocidos del mundo.<\/p><\/div>\n\t\t\t\t<\/div>\n\t\t\t\t<\/div>\n\t\t\t\t\t\t<\/div>\n\t\t\t<\/div>\n\t\t<\/div>\n\t\t\t\t\t\t<\/div>\n\t\t\t<\/div>\n\t\t<\/section>\n\t\t\t\t<section class=\"elementor-element elementor-element-93bc6b3 elementor-section-full_width elementor-section-height-default elementor-section-height-default elementor-section elementor-top-section\" data-id=\"93bc6b3\" data-element_type=\"section\">\n\t\t\t\t\t\t<div class=\"elementor-container elementor-column-gap-no\">\n\t\t\t\t<div class=\"elementor-row\">\n\t\t\t\t<div class=\"elementor-element elementor-element-99c399a elementor-column elementor-col-100 elementor-top-column\" data-id=\"99c399a\" data-element_type=\"column\">\n\t\t\t<div class=\"elementor-column-wrap  elementor-element-populated\">\n\t\t\t\t\t<div class=\"elementor-widget-wrap\">\n\t\t\t\t<div class=\"elementor-element elementor-element-a2f2506 elementor-widget elementor-widget-global elementor-global-2542 elementor-widget-uael-google-map\" data-id=\"a2f2506\" data-element_type=\"widget\" data-widget_type=\"uael-google-map.default\">\n\t\t\t\t<div class=\"elementor-widget-container\">\n\t\t\t\t\t<div class=\"uael-google-map-wrap\">\n\t\t\t<div id=\"uael-google-map-a2f2506\" class=\"uael-google-map\" data-map_options=\"{&quot;zoom&quot;:3,&quot;mapTypeId&quot;:&quot;roadmap&quot;,&quot;mapTypeControl&quot;:false,&quot;streetViewControl&quot;:false,&quot;zoomControl&quot;:false,&quot;fullscreenControl&quot;:false,&quot;gestureHandling&quot;:true}\" data-cluster=\"no\" data-max-width=\"250\" data-locations=\"[[&quot;44.681449&quot;,&quot;-73.4719251&quot;,true,&quot;U.S.A. SUBSIDIARY&quot;,&quot;123 DISTRIBUTION WAY, STE 103, PLATTSBURGH, NY 12901&quot;,&quot;&quot;,&quot;&quot;,&quot;&quot;,&quot;&quot;],[&quot;48.9043532&quot;,&quot;2.3030359&quot;,true,&quot;FRANCE SUBSIDIARY&quot;,&quot;2 EME ETAGE, 100 RUE MARTRE, 92110, CLICHY, FRANCE&quot;,&quot;&quot;,&quot;&quot;,&quot;&quot;,&quot;&quot;],[&quot;13.7332864&quot;,&quot;100.5643271&quot;,true,&quot;THAILAND SUBSIDIARY&quot;,&quot;571 RSU Tower,10th floor, Soi Sukhumvit 31,Sukhumvit Road, Klongton-Nua, Wattana, Bangkok, 10110&quot;,&quot;&quot;,&quot;&quot;,&quot;&quot;,&quot;&quot;]]\" data-animate=\"drop\" data-auto-center=\"center\" data-predefined-style=\"classic_blue\"><\/div>\n\t\t<\/div>\n\t\t\t\t<\/div>\n\t\t\t\t<\/div>\n\t\t\t\t\t\t<\/div>\n\t\t\t<\/div>\n\t\t<\/div>\n\t\t\t\t\t\t<\/div>\n\t\t\t<\/div>\n\t\t<\/section>\n\t\t\t\t\t\t<\/div>\n\t\t\t<\/div>\n\t\t<\/div>","protected":false},"excerpt":{"rendered":"<p>INTERNATIONAL PROJECTS The high-quality mass transit automatic door system independently developed by Kangni successfully enters international high-end market after competing with high quality products of the world. The brand \u201cChina Kangni\u201d has left its marks on railway vehicles in cities of Paris, New York, San Francisco, Vancouver, Toronto and etc. Kangni has successfully made itself &hellip;<\/p>\n<p class=\"read-more\"> <a class=\"\" href=\"https:\/\/en.kn-nanjing.com\/es\/international-projects\/\"> <span class=\"screen-reader-text\">Proyectos internacionales<\/span> Leer M\u00e1s \"<\/a><\/p>","protected":false},"author":1,"featured_media":0,"parent":0,"menu_order":28,"comment_status":"closed","ping_status":"closed","template":"","meta":{"footnotes":""},"yst_prominent_words":[1160,259,130,801],"class_list":["post-1719","page","type-page","status-publish","hentry"],"_links":{"self":[{"href":"https:\/\/en.kn-nanjing.com\/es\/wp-json\/wp\/v2\/pages\/1719","targetHints":{"allow":["GET"]}}],"collection":[{"href":"https:\/\/en.kn-nanjing.com\/es\/wp-json\/wp\/v2\/pages"}],"about":[{"href":"https:\/\/en.kn-nanjing.com\/es\/wp-json\/wp\/v2\/types\/page"}],"author":[{"embeddable":true,"href":"https:\/\/en.kn-nanjing.com\/es\/wp-json\/wp\/v2\/users\/1"}],"replies":[{"embeddable":true,"href":"https:\/\/en.kn-nanjing.com\/es\/wp-json\/wp\/v2\/comments?post=1719"}],"version-history":[{"count":14,"href":"https:\/\/en.kn-nanjing.com\/es\/wp-json\/wp\/v2\/pages\/1719\/revisions"}],"predecessor-version":[{"id":4862,"href":"https:\/\/en.kn-nanjing.com\/es\/wp-json\/wp\/v2\/pages\/1719\/revisions\/4862"}],"wp:attachment":[{"href":"https:\/\/en.kn-nanjing.com\/es\/wp-json\/wp\/v2\/media?parent=1719"}],"wp:term":[{"taxonomy":"yst_prominent_words","embeddable":true,"href":"https:\/\/en.kn-nanjing.com\/es\/wp-json\/wp\/v2\/yst_prominent_words?post=1719"}],"curies":[{"name":"wp","href":"https:\/\/api.w.org\/{rel}","templated":true}]}}