{"id":33,"date":"2019-07-19T15:15:08","date_gmt":"2019-07-19T07:15:08","guid":{"rendered":"https:\/\/en.kn-nanjing.com\/?page_id=33"},"modified":"2023-10-31T13:21:27","modified_gmt":"2023-10-31T05:21:27","slug":"domestic-projects","status":"publish","type":"page","link":"https:\/\/en.kn-nanjing.com\/es\/domestic-projects\/","title":{"rendered":"Proyectos nacionales"},"content":{"rendered":"<div data-elementor-type=\"post\" data-elementor-id=\"33\" class=\"elementor elementor-33\" data-elementor-settings=\"[]\">\n\t\t\t<div class=\"elementor-inner\">\n\t\t\t\t<div class=\"elementor-section-wrap\">\n\t\t\t\t\t\t\t<section class=\"elementor-element elementor-element-7d6d236c elementor-section-height-min-height elementor-section-full_width elementor-section-height-default elementor-section-items-middle elementor-section elementor-top-section\" data-id=\"7d6d236c\" data-element_type=\"section\" data-settings=\"{&quot;background_background&quot;:&quot;classic&quot;}\">\n\t\t\t\t\t\t<div class=\"elementor-container elementor-column-gap-default\">\n\t\t\t\t<div class=\"elementor-row\">\n\t\t\t\t<div class=\"elementor-element elementor-element-7cfb176a elementor-column elementor-col-100 elementor-top-column\" data-id=\"7cfb176a\" data-element_type=\"column\">\n\t\t\t<div class=\"elementor-column-wrap  elementor-element-populated\">\n\t\t\t\t\t<div class=\"elementor-widget-wrap\">\n\t\t\t\t<div class=\"elementor-element elementor-element-94a557b elementor-widget elementor-widget-divider\" data-id=\"94a557b\" data-element_type=\"widget\" data-widget_type=\"divider.default\">\n\t\t\t\t<div class=\"elementor-widget-container\">\n\t\t\t\t\t<div class=\"elementor-divider\">\n\t\t\t<span class=\"elementor-divider-separator\"><\/span>\n\t\t<\/div>\n\t\t\t\t<\/div>\n\t\t\t\t<\/div>\n\t\t\t\t<div class=\"elementor-element elementor-element-25d1bfb7 elementor-align-center elementor-widget elementor-widget-breadcrumbs\" data-id=\"25d1bfb7\" data-element_type=\"widget\" data-widget_type=\"breadcrumbs.default\">\n\t\t\t\t<div class=\"elementor-widget-container\">\n\t\t\t<p id=\"breadcrumbs\"><span><span class=\"breadcrumb_last\" aria-current=\"page\">Inicio<\/span><\/span><\/p>\t\t<\/div>\n\t\t\t\t<\/div>\n\t\t\t\t\t\t<\/div>\n\t\t\t<\/div>\n\t\t<\/div>\n\t\t\t\t\t\t<\/div>\n\t\t\t<\/div>\n\t\t<\/section>\n\t\t\t\t<section class=\"elementor-element elementor-element-79b7ee6 elementor-section-boxed elementor-section-height-default elementor-section-height-default elementor-section elementor-top-section\" data-id=\"79b7ee6\" data-element_type=\"section\">\n\t\t\t\t\t\t<div class=\"elementor-container elementor-column-gap-default\">\n\t\t\t\t<div class=\"elementor-row\">\n\t\t\t\t<div class=\"elementor-element elementor-element-cbe33c2 elementor-column elementor-col-100 elementor-top-column\" data-id=\"cbe33c2\" data-element_type=\"column\">\n\t\t\t<div class=\"elementor-column-wrap  elementor-element-populated\">\n\t\t\t\t\t<div class=\"elementor-widget-wrap\">\n\t\t\t\t<div class=\"elementor-element elementor-element-9095a4c elementor-widget elementor-widget-heading\" data-id=\"9095a4c\" data-element_type=\"widget\" data-widget_type=\"heading.default\">\n\t\t\t\t<div class=\"elementor-widget-container\">\n\t\t\t<p class=\"elementor-heading-title elementor-size-default\">PROYECTOS NACIONALES<\/p>\t\t<\/div>\n\t\t\t\t<\/div>\n\t\t\t\t<div class=\"elementor-element elementor-element-d83c988 elementor-widget elementor-widget-text-editor\" data-id=\"d83c988\" data-element_type=\"widget\" data-widget_type=\"text-editor.default\">\n\t\t\t\t<div class=\"elementor-widget-container\">\n\t\t\t\t\t<div class=\"elementor-text-editor elementor-clearfix\"><p class=\"p1\"><span class=\"s1\">El sistema de puertas autom\u00e1ticas para veh\u00edculos de transporte p\u00fablico de KANGNI lleva sustituyendo a tecnolog\u00edas y productos extranjeros desde 2003. Su cuota de mercado ha ido aumentando continuamente y ha mantenido una cuota de mercado de m\u00e1s de 50% durante los \u00faltimos 7 a\u00f1os.<\/span><\/p><p>\u00a0<\/p><p class=\"MsoNormal\"><span lang=\"EN-US\">KANGNI goza de una buena acogida en el mercado de equipos ferroviarios por sus prestaciones, precio y servicios.<\/span><\/p><p>\u00a0<\/p><p>Alrededor de 20 ciudades, entre ellas Pek\u00edn, Shanghai, Tianjin, Guangzhou, Shenzhen y Nanjing, han utilizado Kangni Doors, que obviamente ha echado ra\u00edces firmes en China.\u00a0<\/p><\/div>\n\t\t\t\t<\/div>\n\t\t\t\t<\/div>\n\t\t\t\t\t\t<\/div>\n\t\t\t<\/div>\n\t\t<\/div>\n\t\t\t\t\t\t<\/div>\n\t\t\t<\/div>\n\t\t<\/section>\n\t\t\t\t<section class=\"elementor-element elementor-element-93bc6b3 elementor-section-full_width elementor-section-height-default elementor-section-height-default elementor-section elementor-top-section\" data-id=\"93bc6b3\" data-element_type=\"section\">\n\t\t\t\t\t\t<div class=\"elementor-container elementor-column-gap-no\">\n\t\t\t\t<div class=\"elementor-row\">\n\t\t\t\t<div class=\"elementor-element elementor-element-99c399a elementor-column elementor-col-100 elementor-top-column\" data-id=\"99c399a\" data-element_type=\"column\">\n\t\t\t<div class=\"elementor-column-wrap  elementor-element-populated\">\n\t\t\t\t\t<div class=\"elementor-widget-wrap\">\n\t\t\t\t<div class=\"elementor-element elementor-element-b953146 elementor-widget elementor-widget-global elementor-global-2542 elementor-widget-uael-google-map\" data-id=\"b953146\" data-element_type=\"widget\" data-widget_type=\"uael-google-map.default\">\n\t\t\t\t<div class=\"elementor-widget-container\">\n\t\t\t\t\t<div class=\"uael-google-map-wrap\">\n\t\t\t<div id=\"uael-google-map-b953146\" class=\"uael-google-map\" data-map_options=\"{&quot;zoom&quot;:3,&quot;mapTypeId&quot;:&quot;roadmap&quot;,&quot;mapTypeControl&quot;:false,&quot;streetViewControl&quot;:false,&quot;zoomControl&quot;:false,&quot;fullscreenControl&quot;:false,&quot;gestureHandling&quot;:true}\" data-cluster=\"no\" data-max-width=\"250\" data-locations=\"[[&quot;44.681449&quot;,&quot;-73.4719251&quot;,true,&quot;U.S.A. SUBSIDIARY&quot;,&quot;123 DISTRIBUTION WAY, STE 103, PLATTSBURGH, NY 12901&quot;,&quot;&quot;,&quot;&quot;,&quot;&quot;,&quot;&quot;],[&quot;48.9043532&quot;,&quot;2.3030359&quot;,true,&quot;FRANCE SUBSIDIARY&quot;,&quot;2 EME ETAGE, 100 RUE MARTRE, 92110, CLICHY, FRANCE&quot;,&quot;&quot;,&quot;&quot;,&quot;&quot;,&quot;&quot;],[&quot;13.7332864&quot;,&quot;100.5643271&quot;,true,&quot;THAILAND SUBSIDIARY&quot;,&quot;571 RSU Tower,10th floor, Soi Sukhumvit 31,Sukhumvit Road, Klongton-Nua, Wattana, Bangkok, 10110&quot;,&quot;&quot;,&quot;&quot;,&quot;&quot;,&quot;&quot;]]\" data-animate=\"drop\" data-auto-center=\"center\" data-predefined-style=\"classic_blue\"><\/div>\n\t\t<\/div>\n\t\t\t\t<\/div>\n\t\t\t\t<\/div>\n\t\t\t\t\t\t<\/div>\n\t\t\t<\/div>\n\t\t<\/div>\n\t\t\t\t\t\t<\/div>\n\t\t\t<\/div>\n\t\t<\/section>\n\t\t\t\t\t\t<\/div>\n\t\t\t<\/div>\n\t\t<\/div>","protected":false},"excerpt":{"rendered":"<p>DOMESTIC PROJECTS The mass transit vehicle automatic door system of KANGNI has been taking place of foreign technologies and products since 2003. Its share of market has been continuously increasing and has maintained a market share of over 50% for the past 7 years. \u00a0 KANGNI is well received by the rail equipment market for &hellip;<\/p>\n<p class=\"read-more\"> <a class=\"\" href=\"https:\/\/en.kn-nanjing.com\/es\/domestic-projects\/\"> <span class=\"screen-reader-text\">Proyectos nacionales<\/span> Leer M\u00e1s \"<\/a><\/p>","protected":false},"author":1,"featured_media":0,"parent":0,"menu_order":32,"comment_status":"closed","ping_status":"closed","template":"","meta":{"footnotes":""},"yst_prominent_words":[130,1397,1398],"class_list":["post-33","page","type-page","status-publish","hentry"],"_links":{"self":[{"href":"https:\/\/en.kn-nanjing.com\/es\/wp-json\/wp\/v2\/pages\/33","targetHints":{"allow":["GET"]}}],"collection":[{"href":"https:\/\/en.kn-nanjing.com\/es\/wp-json\/wp\/v2\/pages"}],"about":[{"href":"https:\/\/en.kn-nanjing.com\/es\/wp-json\/wp\/v2\/types\/page"}],"author":[{"embeddable":true,"href":"https:\/\/en.kn-nanjing.com\/es\/wp-json\/wp\/v2\/users\/1"}],"replies":[{"embeddable":true,"href":"https:\/\/en.kn-nanjing.com\/es\/wp-json\/wp\/v2\/comments?post=33"}],"version-history":[{"count":36,"href":"https:\/\/en.kn-nanjing.com\/es\/wp-json\/wp\/v2\/pages\/33\/revisions"}],"predecessor-version":[{"id":4729,"href":"https:\/\/en.kn-nanjing.com\/es\/wp-json\/wp\/v2\/pages\/33\/revisions\/4729"}],"wp:attachment":[{"href":"https:\/\/en.kn-nanjing.com\/es\/wp-json\/wp\/v2\/media?parent=33"}],"wp:term":[{"taxonomy":"yst_prominent_words","embeddable":true,"href":"https:\/\/en.kn-nanjing.com\/es\/wp-json\/wp\/v2\/yst_prominent_words?post=33"}],"curies":[{"name":"wp","href":"https:\/\/api.w.org\/{rel}","templated":true}]}}