{"id":1836,"date":"2020-05-20T10:22:50","date_gmt":"2020-05-20T02:22:50","guid":{"rendered":"https:\/\/en.kn-nanjing.com\/?post_type=product&#038;p=1836"},"modified":"2022-04-18T14:58:33","modified_gmt":"2022-04-18T06:58:33","slug":"electrically-driven-bi-parting-pocket-sliding-door","status":"publish","type":"product","link":"https:\/\/en.kn-nanjing.com\/fr\/mass-transit-vehicle-door\/electrically-driven-bi-parting-pocket-sliding-door\/","title":{"rendered":"Porte pocket sliding \u00e9lectrique \u00e0 deux vantaux"},"content":{"rendered":"<p><img loading=\"lazy\" decoding=\"async\" class=\"size-full wp-image-1834\" title=\"Porte coulissante \u00e0 deux battants \u00e0 entra\u00eenement \u00e9lectrique.jpg 1080927031\" src=\"https:\/\/en.kn-nanjing.com\/wp-content\/uploads\/2020\/05\/electrically-driven-bi-parting-pocket-sliding-door.jpg-1080927031.jpg\" alt=\"electrically driven bi parting pocket sliding door.jpg 1080927031\" width=\"1314\" height=\"492\" \/><\/p>","protected":false},"excerpt":{"rendered":"<div class=\"ap-sec de-desc revealOnScroll\" data-animation=\"\" data-timeout=\"\">\n<div class=\"de-desc-title two-zero\">\n<p><strong>Domaine d'application :<\/strong><\/p>\n<\/div>\n<div class=\"de-desc-text one-six\">\n<div>\n<p>Portes passagers pour v\u00e9hicules de :\n<br><dd> \n- M\u00e9tro <br>\n- Syst\u00e8me l\u00e9ger sur rail<\/p>\n<\/div>\n<\/div>\n<\/div>\n<div class=\"ap-sec de-info-cs revealOnScroll\" data-animation=\"\" data-timeout=\"\">\n<div class=\"two-zero\">\n<div>\n<p><strong>S\u00e9rie MY_ _ _DP_-2\/MY_ _ _ _DW_-2\/MY_ _ _DH_ -2<\/strong><\/p>\n<\/div>\n<\/div>\n<\/div>","protected":false},"featured_media":1835,"comment_status":"closed","ping_status":"closed","template":"","meta":[],"yst_prominent_words":[],"class_list":["post-1836","product","type-product","status-publish","has-post-thumbnail","hentry","product_cat-mass-transit-vehicle-door","align-left","box-shadow-0","box-shadow-0-hover","ast-product-gallery-layout-horizontal","ast-product-gallery-with-no-image","ast-product-tabs-layout-horizontal"],"_links":{"self":[{"href":"https:\/\/en.kn-nanjing.com\/fr\/wp-json\/wp\/v2\/product\/1836","targetHints":{"allow":["GET"]}}],"collection":[{"href":"https:\/\/en.kn-nanjing.com\/fr\/wp-json\/wp\/v2\/product"}],"about":[{"href":"https:\/\/en.kn-nanjing.com\/fr\/wp-json\/wp\/v2\/types\/product"}],"replies":[{"embeddable":true,"href":"https:\/\/en.kn-nanjing.com\/fr\/wp-json\/wp\/v2\/comments?post=1836"}],"version-history":[{"count":5,"href":"https:\/\/en.kn-nanjing.com\/fr\/wp-json\/wp\/v2\/product\/1836\/revisions"}],"predecessor-version":[{"id":4385,"href":"https:\/\/en.kn-nanjing.com\/fr\/wp-json\/wp\/v2\/product\/1836\/revisions\/4385"}],"wp:featuredmedia":[{"embeddable":true,"href":"https:\/\/en.kn-nanjing.com\/fr\/wp-json\/wp\/v2\/media\/1835"}],"wp:attachment":[{"href":"https:\/\/en.kn-nanjing.com\/fr\/wp-json\/wp\/v2\/media?parent=1836"}],"wp:term":[{"taxonomy":"yst_prominent_words","embeddable":true,"href":"https:\/\/en.kn-nanjing.com\/fr\/wp-json\/wp\/v2\/yst_prominent_words?post=1836"}],"curies":[{"name":"wp","href":"https:\/\/api.w.org\/{rel}","templated":true}]}}