{"id":1890,"date":"2020-05-20T11:32:05","date_gmt":"2020-05-20T03:32:05","guid":{"rendered":"https:\/\/en.kn-nanjing.com\/?post_type=product&#038;p=1890"},"modified":"2025-09-23T13:43:19","modified_gmt":"2025-09-23T05:43:19","slug":"manual-operated-hinged-door-manual-operated-sliding-door","status":"publish","type":"product","link":"https:\/\/en.kn-nanjing.com\/fr\/main-line-vehicle-door\/manual-operated-hinged-door-manual-operated-sliding-door\/","title":{"rendered":"Porte \u00e0 charni\u00e8res manuelle \/ <br> Porte sliding manuelle"},"content":{"rendered":"<p><img loading=\"lazy\" decoding=\"async\" class=\"size-full wp-image-1892\" title=\"ban14.jpg 1080927031\" src=\"https:\/\/en.kn-nanjing.com\/wp-content\/uploads\/2020\/05\/ban14.jpg-1080927031.jpg\" alt=\"ban14.jpg 1080927031\" width=\"1314\" height=\"492\" \/><\/p>","protected":false},"excerpt":{"rendered":"<div class=\"ap-sec de-desc revealOnScroll\" data-animation=\"\" data-timeout=\"\">\n<div class=\"de-desc-title two-zero\">\n<p><strong>Domaine d'application :<\/strong><\/p>\n<\/div>\n<div class=\"de-desc-text one-six\">\n<div>\n<p>Portes int\u00e9rieures pour rames automotrices \u00e0 grande vitesse utilis\u00e9es pour :<br><dd>\n- Cabine conducteur<br>\n- Compartiment \u00e9quipage<br>\n- Cloisons externes<br>\n- Salles VIP et salles de surveillance<br>\n- Toilettes<br>\n- Salle de distribution d\u2019\u00e9nergie<br>\n- Cuisine de la voiture-restaurant<\/p>\n<\/div>\n<\/div>\n<\/div>\n<div class=\"ap-sec de-info-cs revealOnScroll\" data-animation=\"\" data-timeout=\"\">\n<div class=\"two-zero\">\n<div>\n<p><strong>MJ _ _ _ S\u00e9rie AP\/H<\/strong><\/p>\n<\/div>\n<\/div>\n<\/div>","protected":false},"featured_media":1891,"comment_status":"closed","ping_status":"closed","template":"","meta":[],"yst_prominent_words":[],"class_list":["post-1890","product","type-product","status-publish","has-post-thumbnail","hentry","product_cat-main-line-vehicle-door","align-left","box-shadow-0","box-shadow-0-hover","ast-product-gallery-layout-horizontal","ast-product-gallery-with-no-image","ast-product-tabs-layout-horizontal"],"_links":{"self":[{"href":"https:\/\/en.kn-nanjing.com\/fr\/wp-json\/wp\/v2\/product\/1890","targetHints":{"allow":["GET"]}}],"collection":[{"href":"https:\/\/en.kn-nanjing.com\/fr\/wp-json\/wp\/v2\/product"}],"about":[{"href":"https:\/\/en.kn-nanjing.com\/fr\/wp-json\/wp\/v2\/types\/product"}],"replies":[{"embeddable":true,"href":"https:\/\/en.kn-nanjing.com\/fr\/wp-json\/wp\/v2\/comments?post=1890"}],"version-history":[{"count":2,"href":"https:\/\/en.kn-nanjing.com\/fr\/wp-json\/wp\/v2\/product\/1890\/revisions"}],"predecessor-version":[{"id":5193,"href":"https:\/\/en.kn-nanjing.com\/fr\/wp-json\/wp\/v2\/product\/1890\/revisions\/5193"}],"wp:featuredmedia":[{"embeddable":true,"href":"https:\/\/en.kn-nanjing.com\/fr\/wp-json\/wp\/v2\/media\/1891"}],"wp:attachment":[{"href":"https:\/\/en.kn-nanjing.com\/fr\/wp-json\/wp\/v2\/media?parent=1890"}],"wp:term":[{"taxonomy":"yst_prominent_words","embeddable":true,"href":"https:\/\/en.kn-nanjing.com\/fr\/wp-json\/wp\/v2\/yst_prominent_words?post=1890"}],"curies":[{"name":"wp","href":"https:\/\/api.w.org\/{rel}","templated":true}]}}