{"id":1912,"date":"2020-05-20T11:42:26","date_gmt":"2020-05-20T03:42:26","guid":{"rendered":"https:\/\/en.kn-nanjing.com\/?post_type=product&#038;p=1912"},"modified":"2022-09-20T16:42:56","modified_gmt":"2022-09-20T08:42:56","slug":"full-height-platform-screen-door-systems-full-bottom-supporting-structure","status":"publish","type":"product","link":"https:\/\/en.kn-nanjing.com\/fr\/platform-screen-door\/full-height-platform-screen-door-systems-full-bottom-supporting-structure\/","title":{"rendered":"Portes pali\u00e8res pleine hauteur avec structure porteuse inf\u00e9rieure int\u00e9grale"},"content":{"rendered":"<p><img loading=\"lazy\" decoding=\"async\" class=\"size-full wp-image-1914\" title=\"syst\u00e8me de porte moustiquaire sur toute la hauteur de la plate-forme structure de support inf\u00e9rieure compl\u00e8te.jpg 1080927031\" src=\"https:\/\/en.kn-nanjing.com\/wp-content\/uploads\/2020\/05\/full-height-platform-screen-door-systems-full-bottom-supporting-structure.jpg-1080927031.jpg\" alt=\"full height platform screen door systems full bottom supporting structure.jpg 1080927031\" width=\"1314\" height=\"492\" \/><\/p>","protected":false},"excerpt":{"rendered":"<figure id=\"attachment_4492\" aria-describedby=\"caption-attachment-4492\" style=\"width: 741px\" class=\"wp-caption alignleft\"><img loading=\"lazy\" decoding=\"async\" title=\"pleine hauteur\"  src=\"https:\/\/en.kn-nanjing.com\/wp-content\/uploads\/2020\/05\/full-height.png\" alt=\"full height\" width=\"741\" height=\"496\" class=\"size-full wp-image-4492\" srcset=\"https:\/\/en.kn-nanjing.com\/wp-content\/uploads\/2020\/05\/full-height.png 741w, https:\/\/en.kn-nanjing.com\/wp-content\/uploads\/2020\/05\/full-height-300x201.png 300w, https:\/\/en.kn-nanjing.com\/wp-content\/uploads\/2020\/05\/full-height-600x402.png 600w\" sizes=\"auto, (max-width: 741px) 100vw, 741px\" \/><figcaption id=\"caption-attachment-4492\" class=\"wp-caption-text\">pleine hauteur<\/figcaption><\/figure>\n<div class=\"ap-sec de-desc  revealOnScroll\" data-animation=\"\" data-timeout=\"\">\n<div class=\"de-desc-title two-zero\">\n<p><strong>Domaine d'application :<\/strong><\/p>\n<\/div>\n<div class=\"de-desc-text one-six\">\n<div>\n<p>Ce syst\u00e8me de fa\u00e7ades de quai pleine hauteur est destin\u00e9 aux quais de trains de transport en commun, utilis\u00e9 notamment dans :<br><dd>\n\n- Les stations de m\u00e9tro.<br>\n- Les gares ferroviaires en surface.<\/p>\n<\/div>\n<\/div>\n<\/div>\n<div class=\"ap-sec de-info-cs  revealOnScroll\" data-animation=\"\" data-timeout=\"\">\n<div class=\"two-zero\">\n<div>\n<p><strong>MAQ_ _<\/strong><\/p>\n<\/div>\n<\/div>\n<\/div>","protected":false},"featured_media":4492,"comment_status":"closed","ping_status":"closed","template":"","meta":[],"yst_prominent_words":[],"class_list":["post-1912","product","type-product","status-publish","has-post-thumbnail","hentry","product_cat-platform-screen-door","align-left","box-shadow-0","box-shadow-0-hover","ast-product-gallery-layout-horizontal","ast-product-gallery-with-no-image","ast-product-tabs-layout-horizontal"],"_links":{"self":[{"href":"https:\/\/en.kn-nanjing.com\/fr\/wp-json\/wp\/v2\/product\/1912","targetHints":{"allow":["GET"]}}],"collection":[{"href":"https:\/\/en.kn-nanjing.com\/fr\/wp-json\/wp\/v2\/product"}],"about":[{"href":"https:\/\/en.kn-nanjing.com\/fr\/wp-json\/wp\/v2\/types\/product"}],"replies":[{"embeddable":true,"href":"https:\/\/en.kn-nanjing.com\/fr\/wp-json\/wp\/v2\/comments?post=1912"}],"version-history":[{"count":3,"href":"https:\/\/en.kn-nanjing.com\/fr\/wp-json\/wp\/v2\/product\/1912\/revisions"}],"predecessor-version":[{"id":4497,"href":"https:\/\/en.kn-nanjing.com\/fr\/wp-json\/wp\/v2\/product\/1912\/revisions\/4497"}],"wp:featuredmedia":[{"embeddable":true,"href":"https:\/\/en.kn-nanjing.com\/fr\/wp-json\/wp\/v2\/media\/4492"}],"wp:attachment":[{"href":"https:\/\/en.kn-nanjing.com\/fr\/wp-json\/wp\/v2\/media?parent=1912"}],"wp:term":[{"taxonomy":"yst_prominent_words","embeddable":true,"href":"https:\/\/en.kn-nanjing.com\/fr\/wp-json\/wp\/v2\/yst_prominent_words?post=1912"}],"curies":[{"name":"wp","href":"https:\/\/api.w.org\/{rel}","templated":true}]}}