{"id":1967,"date":"2020-05-20T13:57:27","date_gmt":"2020-05-20T05:57:27","guid":{"rendered":"https:\/\/en.kn-nanjing.com\/?post_type=product&#038;p=1967"},"modified":"2020-05-20T13:57:27","modified_gmt":"2020-05-20T05:57:27","slug":"high-speed-train-vehicle-door-maintenance-references","status":"publish","type":"product","link":"https:\/\/en.kn-nanjing.com\/fr\/maintenance-services\/high-speed-train-vehicle-door-maintenance-references\/","title":{"rendered":"R\u00e9f\u00e9rences pour l'entretien des portes des trains \u00e0 grande vitesse"},"content":{"rendered":"<p><img loading=\"lazy\" decoding=\"async\" class=\"size-full wp-image-1969\" title=\"r\u00e9f\u00e9rences pour l&#039;entretien des portes des trains \u00e0 grande vitesse.jpg 1080927031\" src=\"https:\/\/en.kn-nanjing.com\/wp-content\/uploads\/2020\/05\/high-speed-train-vehicle-door-maintenance-references.jpg-1080927031.jpg\" alt=\"high speed train vehicle door maintenance references.jpg 1080927031\" width=\"1314\" height=\"492\" \/><\/p>","protected":false},"excerpt":{"rendered":"<div class=\"ap-sec de-desc  revealOnScroll\" data-animation=\"\" data-timeout=\"\">\n<div class=\"de-desc-text one-six\">\n<div>\n<p>Avec le d\u00e9veloppement de l'industrie du transport ferroviaire, les anciens v\u00e9hicules ferroviaires sont entr\u00e9s dans la phase de r\u00e9vision et le march\u00e9 de la maintenance s'est d\u00e9velopp\u00e9. <br>C\u2019est dans ce contexte que le d\u00e9partement maintenance de Kangni a \u00e9t\u00e9 officiellement cr\u00e9\u00e9 en 2015.<br><br>\nAujourd\u2019hui, cette entit\u00e9 sp\u00e9cialis\u00e9e regroupe plus de 100 collaborateurs et assure des prestations de :<dd>\n1. Maintenance pr\u00e9ventive<br>\n2. Maintenance corrective<br>\n3. R\u00e9novation des syst\u00e8mes de portes embarqu\u00e9es pour le \u00a0\u00a0\u00a0 mat\u00e9riel roulant ferroviaire urbain<\/p>\n<\/div>\n<\/div>\n<\/div>","protected":false},"featured_media":1968,"comment_status":"closed","ping_status":"closed","template":"","meta":[],"yst_prominent_words":[],"class_list":["post-1967","product","type-product","status-publish","has-post-thumbnail","hentry","product_cat-maintenance-services","align-left","box-shadow-0","box-shadow-0-hover","ast-product-gallery-layout-horizontal","ast-product-gallery-with-no-image","ast-product-tabs-layout-horizontal"],"_links":{"self":[{"href":"https:\/\/en.kn-nanjing.com\/fr\/wp-json\/wp\/v2\/product\/1967","targetHints":{"allow":["GET"]}}],"collection":[{"href":"https:\/\/en.kn-nanjing.com\/fr\/wp-json\/wp\/v2\/product"}],"about":[{"href":"https:\/\/en.kn-nanjing.com\/fr\/wp-json\/wp\/v2\/types\/product"}],"replies":[{"embeddable":true,"href":"https:\/\/en.kn-nanjing.com\/fr\/wp-json\/wp\/v2\/comments?post=1967"}],"version-history":[{"count":1,"href":"https:\/\/en.kn-nanjing.com\/fr\/wp-json\/wp\/v2\/product\/1967\/revisions"}],"predecessor-version":[{"id":1970,"href":"https:\/\/en.kn-nanjing.com\/fr\/wp-json\/wp\/v2\/product\/1967\/revisions\/1970"}],"wp:featuredmedia":[{"embeddable":true,"href":"https:\/\/en.kn-nanjing.com\/fr\/wp-json\/wp\/v2\/media\/1968"}],"wp:attachment":[{"href":"https:\/\/en.kn-nanjing.com\/fr\/wp-json\/wp\/v2\/media?parent=1967"}],"wp:term":[{"taxonomy":"yst_prominent_words","embeddable":true,"href":"https:\/\/en.kn-nanjing.com\/fr\/wp-json\/wp\/v2\/yst_prominent_words?post=1967"}],"curies":[{"name":"wp","href":"https:\/\/api.w.org\/{rel}","templated":true}]}}