{"id":1971,"date":"2020-05-20T13:59:06","date_gmt":"2020-05-20T05:59:06","guid":{"rendered":"https:\/\/en.kn-nanjing.com\/?post_type=product&#038;p=1971"},"modified":"2020-05-20T13:59:07","modified_gmt":"2020-05-20T05:59:07","slug":"mass-transit-vehicle-door-maintenance-references","status":"publish","type":"product","link":"https:\/\/en.kn-nanjing.com\/fr\/maintenance-services\/mass-transit-vehicle-door-maintenance-references\/","title":{"rendered":"R\u00e9f\u00e9rences concernant l'entretien des portes des v\u00e9hicules de transport en commun"},"content":{"rendered":"<p><img loading=\"lazy\" decoding=\"async\" class=\"size-full wp-image-1973\" title=\"r\u00e9f\u00e9rences pour l&#039;entretien des portes des v\u00e9hicules de transport en commun .jpg 1080927031\" src=\"https:\/\/en.kn-nanjing.com\/wp-content\/uploads\/2020\/05\/mass-transit-vehicle-door-maintenance-references-.jpg-1080927031.jpg\" alt=\"mass transit vehicle door maintenance references .jpg 1080927031\" width=\"1314\" height=\"492\" \/><\/p>","protected":false},"excerpt":{"rendered":"<p>Avec le d\u00e9veloppement de l'industrie du transport ferroviaire, les anciens v\u00e9hicules ferroviaires sont entr\u00e9s dans la phase de r\u00e9vision et le march\u00e9 de la maintenance s'est d\u00e9velopp\u00e9. <br>C\u2019est dans ce contexte que le d\u00e9partement maintenance de Kangni a \u00e9t\u00e9 officiellement cr\u00e9\u00e9 en 2015.<br><br>\nAujourd\u2019hui, cette entit\u00e9 sp\u00e9cialis\u00e9e regroupe plus de 100 collaborateurs et assure des prestations de :<dd>\n1. Maintenance pr\u00e9ventive<br>\n2. Maintenance corrective<br>\n3. R\u00e9novation des syst\u00e8mes de portes embarqu\u00e9es pour le \u00a0\u00a0\u00a0 mat\u00e9riel roulant ferroviaire urbain<\/p>","protected":false},"featured_media":1972,"comment_status":"closed","ping_status":"closed","template":"","meta":[],"yst_prominent_words":[],"class_list":["post-1971","product","type-product","status-publish","has-post-thumbnail","hentry","product_cat-maintenance-services","align-left","box-shadow-0","box-shadow-0-hover","ast-product-gallery-layout-horizontal","ast-product-gallery-with-no-image","ast-product-tabs-layout-horizontal"],"_links":{"self":[{"href":"https:\/\/en.kn-nanjing.com\/fr\/wp-json\/wp\/v2\/product\/1971","targetHints":{"allow":["GET"]}}],"collection":[{"href":"https:\/\/en.kn-nanjing.com\/fr\/wp-json\/wp\/v2\/product"}],"about":[{"href":"https:\/\/en.kn-nanjing.com\/fr\/wp-json\/wp\/v2\/types\/product"}],"replies":[{"embeddable":true,"href":"https:\/\/en.kn-nanjing.com\/fr\/wp-json\/wp\/v2\/comments?post=1971"}],"version-history":[{"count":1,"href":"https:\/\/en.kn-nanjing.com\/fr\/wp-json\/wp\/v2\/product\/1971\/revisions"}],"predecessor-version":[{"id":1974,"href":"https:\/\/en.kn-nanjing.com\/fr\/wp-json\/wp\/v2\/product\/1971\/revisions\/1974"}],"wp:featuredmedia":[{"embeddable":true,"href":"https:\/\/en.kn-nanjing.com\/fr\/wp-json\/wp\/v2\/media\/1972"}],"wp:attachment":[{"href":"https:\/\/en.kn-nanjing.com\/fr\/wp-json\/wp\/v2\/media?parent=1971"}],"wp:term":[{"taxonomy":"yst_prominent_words","embeddable":true,"href":"https:\/\/en.kn-nanjing.com\/fr\/wp-json\/wp\/v2\/yst_prominent_words?post=1971"}],"curies":[{"name":"wp","href":"https:\/\/api.w.org\/{rel}","templated":true}]}}